{"id":196,"date":"2017-03-09T19:28:39","date_gmt":"2017-03-09T19:28:39","guid":{"rendered":"http:\/\/www.belgrafica.pt\/web\/?page_id=196"},"modified":"2019-06-25T13:38:56","modified_gmt":"2019-06-25T13:38:56","slug":"valores","status":"publish","type":"page","link":"https:\/\/www.belgrafica.pt\/web\/valores\/","title":{"rendered":"Valores"},"content":{"rendered":"<div id=\"pl-196\"  class=\"panel-layout\" ><div id=\"pg-196-0\"  class=\"panel-grid panel-has-style\" ><div class=\"siteorigin-panels-stretch panel-row-style panel-row-style-for-196-0\" data-stretch-type=\"full-stretched\" ><div id=\"pgc-196-0-0\"  class=\"panel-grid-cell\" ><div id=\"panel-196-0-0-0\" class=\"so-panel widget widget_sow-hero panel-first-child panel-last-child\" data-index=\"0\" ><div\n\t\t\t\n\t\t\tclass=\"so-widget-sow-hero so-widget-sow-hero-default-07db3e03c75a-196 so-widget-fittext-wrapper\"\n\t\t\t data-fit-text-compressor=\"0.85\"\n\t\t>\t\t\t\t<div class=\"sow-slider-base\" style=\"display: none\" tabindex=\"0\">\n\t\t\t\t\t<ul\n\t\t\t\t\tclass=\"sow-slider-images\"\n\t\t\t\t\tdata-settings=\"{&quot;pagination&quot;:true,&quot;speed&quot;:800,&quot;timeout&quot;:8000,&quot;paused&quot;:false,&quot;pause_on_hover&quot;:false,&quot;swipe&quot;:true,&quot;nav_always_show_desktop&quot;:&quot;&quot;,&quot;nav_always_show_mobile&quot;:&quot;&quot;,&quot;breakpoint&quot;:&quot;780px&quot;,&quot;unmute&quot;:false,&quot;anchor&quot;:null}\"\n\t\t\t\t\tstyle=\"min-height: 550px\"\t\t\t\t\tdata-anchor-id=\"\"\n\t\t\t\t>\t\t<li class=\"sow-slider-image  sow-slider-image-cover\" style=\"visibility: visible;;background-color: #333333;background-image: url(https:\/\/www.belgrafica.pt\/web\/wp-content\/uploads\/2019\/06\/DSC_0476-1.jpg)\" >\n\t\t\t\t\t<div class=\"sow-slider-image-container\">\n\t\t\t<div class=\"sow-slider-image-wrapper\">\n\t\t\t\t\t\t\t<\/div>\n\t\t<\/div>\n\t\t\t\t<\/li>\n\t\t\t\t<li class=\"sow-slider-image  sow-slider-image-cover\" style=\"visibility: hidden;;background-color: #333333\" data-background=\"url(https:\/\/www.belgrafica.pt\/web\/wp-content\/uploads\/2019\/06\/DSC_0463-1.jpg)\" >\n\t\t\t\t\t<div class=\"sow-slider-image-container\">\n\t\t\t<div class=\"sow-slider-image-wrapper\">\n\t\t\t\t\t\t\t<\/div>\n\t\t<\/div>\n\t\t\t\t<\/li>\n\t\t\t\t<li class=\"sow-slider-image  sow-slider-image-cover\" style=\"visibility: hidden;;background-color: #333333\" data-background=\"url(https:\/\/www.belgrafica.pt\/web\/wp-content\/uploads\/2019\/06\/DSC_0637-1.jpg)\" >\n\t\t\t\t\t<div class=\"sow-slider-image-container\">\n\t\t\t<div class=\"sow-slider-image-wrapper\">\n\t\t\t\t\t\t\t<\/div>\n\t\t<\/div>\n\t\t\t\t<\/li>\n\t\t\t\t<li class=\"sow-slider-image  sow-slider-image-cover\" style=\"visibility: hidden;;background-color: #333333\" data-background=\"url(https:\/\/www.belgrafica.pt\/web\/wp-content\/uploads\/2019\/06\/DSC_0115.jpg)\" >\n\t\t\t\t\t<div class=\"sow-slider-image-container\">\n\t\t\t<div class=\"sow-slider-image-wrapper\">\n\t\t\t\t\t\t\t<\/div>\n\t\t<\/div>\n\t\t\t\t<\/li>\n\t\t\t\t<li class=\"sow-slider-image  sow-slider-image-cover\" style=\"visibility: hidden;;background-color: #333333\" data-background=\"url(https:\/\/www.belgrafica.pt\/web\/wp-content\/uploads\/2019\/06\/DSC_0627-1.jpg)\" >\n\t\t\t\t\t<div class=\"sow-slider-image-container\">\n\t\t\t<div class=\"sow-slider-image-wrapper\">\n\t\t\t\t\t\t\t<\/div>\n\t\t<\/div>\n\t\t\t\t<\/li>\n\t\t<\/ul>\t\t\t\t<ol class=\"sow-slider-pagination\">\n\t\t\t\t\t\t\t\t\t\t\t<li><a href=\"#\" data-goto=\"0\" aria-label=\"Display slide 1\"><\/a><\/li>\n\t\t\t\t\t\t\t\t\t\t\t<li><a href=\"#\" data-goto=\"1\" aria-label=\"Display slide 2\"><\/a><\/li>\n\t\t\t\t\t\t\t\t\t\t\t<li><a href=\"#\" data-goto=\"2\" aria-label=\"Display slide 3\"><\/a><\/li>\n\t\t\t\t\t\t\t\t\t\t\t<li><a href=\"#\" data-goto=\"3\" aria-label=\"Display slide 4\"><\/a><\/li>\n\t\t\t\t\t\t\t\t\t\t\t<li><a href=\"#\" data-goto=\"4\" aria-label=\"Display slide 5\"><\/a><\/li>\n\t\t\t\t\t\t\t\t\t<\/ol>\n\n\t\t\t\t<div class=\"sow-slide-nav sow-slide-nav-next\">\n\t\t\t\t\t<a href=\"#\" data-goto=\"next\" aria-label=\"Next slide\" data-action=\"next\">\n\t\t\t\t\t\t<em class=\"sow-sld-icon-thin-right\"><\/em>\n\t\t\t\t\t<\/a>\n\t\t\t\t<\/div>\n\n\t\t\t\t<div class=\"sow-slide-nav sow-slide-nav-prev\">\n\t\t\t\t\t<a href=\"#\" data-goto=\"previous\" aria-label=\"Previous slide\" data-action=\"prev\">\n\t\t\t\t\t\t<em class=\"sow-sld-icon-thin-left\"><\/em>\n\t\t\t\t\t<\/a>\n\t\t\t\t<\/div>\n\t\t\t\t<\/div><\/div><\/div><\/div><\/div><\/div><div id=\"pg-196-1\"  class=\"panel-grid panel-no-style\" ><div id=\"pgc-196-1-0\"  class=\"panel-grid-cell\" ><div id=\"panel-196-1-0-0\" class=\"so-panel widget widget_sow-editor panel-first-child panel-last-child\" data-index=\"1\" ><div\n\t\t\t\n\t\t\tclass=\"so-widget-sow-editor so-widget-sow-editor-base\"\n\t\t\t\n\t\t>\n<div class=\"siteorigin-widget-tinymce textwidget\">\n\t<h4 style=\"text-align: center;\"><strong><em>VALORES<\/em><\/strong><\/h4>\n<p style=\"text-align: center;\"><em>A Tipografia Belgr\u00e1fica aplica no seu dia a dia os seus valores de confian\u00e7a, responsabilidade e profissionalismo com os seus clientes para que estes continuem a acreditar e confiar nos servi\u00e7os que prestamos a um pre\u00e7o justo e competitivo.<\/em><\/p>\n<hr \/>\n<h4 style=\"text-align: center;\"><strong><em>POL\u00cdTICA DE QUALIDADE<\/em><\/strong><\/h4>\n<p style=\"text-align: center;\"><em>\u00c9 feito um controlo de qualidade em todas as \u00e1reas de produ\u00e7\u00e3o para que os trabalhos cheguem aos nossos clientes em \u00f3timas condi\u00e7\u00f5es.<\/em><\/p>\n<hr \/>\n<h4 style=\"text-align: center;\"><em><strong>PREOCUPA\u00c7\u00c3O AMBIENTAL<\/strong><\/em><\/h4>\n<p style=\"text-align: center;\"><em>Adotamos uma politica de qualidade e preocupa\u00e7\u00e3o ambiental de forma a minimizar aos impactos ambientais decorrentes da nossa atividade.<\/em><\/p>\n<\/div>\n<\/div><\/div><\/div><\/div><\/div>","protected":false},"excerpt":{"rendered":"<p>VALORES A Tipografia Belgr\u00e1fica aplica no seu dia a dia os seus valores de confian\u00e7a, responsabilidade e profissionalismo com os seus clientes para que estes continuem a acreditar e confiar nos servi\u00e7os que prestamos a um pre\u00e7o justo e competitivo. POL\u00cdTICA DE QUALIDADE \u00c9 feito um controlo de qualidade em todas as \u00e1reas de produ\u00e7\u00e3o &#8230; <a title=\"Valores\" class=\"read-more\" href=\"https:\/\/www.belgrafica.pt\/web\/valores\/\" aria-label=\"Leia mais sobre Valores\">Ler mais<\/a><\/p>\n","protected":false},"author":1,"featured_media":0,"parent":0,"menu_order":0,"comment_status":"closed","ping_status":"closed","template":"","meta":{"footnotes":""},"class_list":["post-196","page","type-page","status-publish"],"aioseo_notices":[],"_links":{"self":[{"href":"https:\/\/www.belgrafica.pt\/web\/wp-json\/wp\/v2\/pages\/196","targetHints":{"allow":["GET"]}}],"collection":[{"href":"https:\/\/www.belgrafica.pt\/web\/wp-json\/wp\/v2\/pages"}],"about":[{"href":"https:\/\/www.belgrafica.pt\/web\/wp-json\/wp\/v2\/types\/page"}],"author":[{"embeddable":true,"href":"https:\/\/www.belgrafica.pt\/web\/wp-json\/wp\/v2\/users\/1"}],"replies":[{"embeddable":true,"href":"https:\/\/www.belgrafica.pt\/web\/wp-json\/wp\/v2\/comments?post=196"}],"version-history":[{"count":37,"href":"https:\/\/www.belgrafica.pt\/web\/wp-json\/wp\/v2\/pages\/196\/revisions"}],"predecessor-version":[{"id":753,"href":"https:\/\/www.belgrafica.pt\/web\/wp-json\/wp\/v2\/pages\/196\/revisions\/753"}],"wp:attachment":[{"href":"https:\/\/www.belgrafica.pt\/web\/wp-json\/wp\/v2\/media?parent=196"}],"curies":[{"name":"wp","href":"https:\/\/api.w.org\/{rel}","templated":true}]}}