{"id":745,"date":"2019-06-25T13:28:25","date_gmt":"2019-06-25T13:28:25","guid":{"rendered":"http:\/\/www.belgrafica.pt\/web\/?page_id=745"},"modified":"2019-06-25T13:28:25","modified_gmt":"2019-06-25T13:28:25","slug":"politica-de-privacidade","status":"publish","type":"page","link":"https:\/\/www.belgrafica.pt\/web\/politica-de-privacidade\/","title":{"rendered":"Pol\u00edtica de privacidade"},"content":{"rendered":"\n<h2 class=\"wp-block-heading\">Quem somos<\/h2>\n\n\n\n<p>O endere\u00e7o do nosso site \u00e9: http:\/\/www.belgrafica.pt\/.<\/p>\n\n\n\n<h2 class=\"wp-block-heading\">Que dados pessoais s\u00e3o recolhidos e porqu\u00ea<\/h2>\n\n\n\n<h3 class=\"wp-block-heading\">Multim\u00e9dia<\/h3>\n\n\n\n<p>Ao carregar imagens para o site, deve evitar carregar imagens com dados incorporados de geolocaliza\u00e7\u00e3o (EXIF GPS). Os visitantes podem descarregar e extrair os dados de geolocaliza\u00e7\u00e3o das imagens do site.<\/p>\n\n\n\n<h3 class=\"wp-block-heading\">Formul\u00e1rios de contacto<\/h3>\n\n\n\n<h3 class=\"wp-block-heading\">Cookies<\/h3>\n\n\n\n<p>Se deixar um coment\u00e1rio no nosso site pode optar por guardar o seu nome, endere\u00e7o de email e site nos cookies. Isto \u00e9 para sua conveni\u00eancia para n\u00e3o ter de preencher novamente os seus dados quando deixar outro coment\u00e1rio. Estes cookies durar\u00e3o um ano.<\/p>\n\n\n\n<p>Se visitar a p\u00e1gina de in\u00edcio de sess\u00e3o, ser\u00e1 configurado um cookie tempor\u00e1rio para determinar se o seu navegador aceita cookies. Este cookie n\u00e3o cont\u00e9m dados pessoais e ser\u00e1 eliminado ao fechar o seu navegador.<\/p>\n\n\n\n<p>Ao iniciar a sess\u00e3o, ser\u00e3o configurados alguns cookies para guardar a sua informa\u00e7\u00e3o de sess\u00e3o e as suas escolhas de visualiza\u00e7\u00e3o de ecr\u00e3. Os cookies de in\u00edcio de sess\u00e3o duram um ano. Se seleccionar &#8220;Lembrar-me&#8221;, a sua sess\u00e3o ir\u00e1 persistir durante duas semanas. Ao terminar a sess\u00e3o, os cookies de inicio de sess\u00e3o ser\u00e3o removidos.<\/p>\n\n\n\n<h3 class=\"wp-block-heading\">Conte\u00fado incorporado de outros sites<\/h3>\n\n\n\n<p>Os artigos neste site podem incluir conte\u00fado incorporado (por exemplo: v\u00eddeos, imagens, artigos, etc.). O conte\u00fado incorporado de outros sites comporta-se tal como se o utilizador visitasse esses sites.<\/p>\n\n\n\n<p>Este site pode recolher dados sobre si, usar cookies, incorporar rastreio feito por terceiros, monitorizar as suas interac\u00e7\u00f5es com o mesmo, incluindo registar as interac\u00e7\u00f5es com conte\u00fado incorporado se tiver uma conta e estiver com sess\u00e3o iniciada nesse site.<\/p>\n\n\n\n<h3 class=\"wp-block-heading\">Dados anal\u00edticos<\/h3>\n","protected":false},"excerpt":{"rendered":"<p>Quem somos O endere\u00e7o do nosso site \u00e9: http:\/\/www.belgrafica.pt\/. Que dados pessoais s\u00e3o recolhidos e porqu\u00ea Multim\u00e9dia Ao carregar imagens para o site, deve evitar carregar imagens com dados incorporados de geolocaliza\u00e7\u00e3o (EXIF GPS). Os visitantes podem descarregar e extrair os dados de geolocaliza\u00e7\u00e3o das imagens do site. Formul\u00e1rios de contacto Cookies Se deixar um &#8230; <a title=\"Pol\u00edtica de privacidade\" class=\"read-more\" href=\"https:\/\/www.belgrafica.pt\/web\/politica-de-privacidade\/\" aria-label=\"Leia mais sobre Pol\u00edtica de privacidade\">Ler mais<\/a><\/p>\n","protected":false},"author":1,"featured_media":0,"parent":0,"menu_order":0,"comment_status":"closed","ping_status":"closed","template":"","meta":{"footnotes":""},"class_list":["post-745","page","type-page","status-publish"],"aioseo_notices":[],"_links":{"self":[{"href":"https:\/\/www.belgrafica.pt\/web\/wp-json\/wp\/v2\/pages\/745","targetHints":{"allow":["GET"]}}],"collection":[{"href":"https:\/\/www.belgrafica.pt\/web\/wp-json\/wp\/v2\/pages"}],"about":[{"href":"https:\/\/www.belgrafica.pt\/web\/wp-json\/wp\/v2\/types\/page"}],"author":[{"embeddable":true,"href":"https:\/\/www.belgrafica.pt\/web\/wp-json\/wp\/v2\/users\/1"}],"replies":[{"embeddable":true,"href":"https:\/\/www.belgrafica.pt\/web\/wp-json\/wp\/v2\/comments?post=745"}],"version-history":[{"count":2,"href":"https:\/\/www.belgrafica.pt\/web\/wp-json\/wp\/v2\/pages\/745\/revisions"}],"predecessor-version":[{"id":747,"href":"https:\/\/www.belgrafica.pt\/web\/wp-json\/wp\/v2\/pages\/745\/revisions\/747"}],"wp:attachment":[{"href":"https:\/\/www.belgrafica.pt\/web\/wp-json\/wp\/v2\/media?parent=745"}],"curies":[{"name":"wp","href":"https:\/\/api.w.org\/{rel}","templated":true}]}}